{"id":1033,"date":"2025-03-25T11:02:47","date_gmt":"2025-03-25T10:02:47","guid":{"rendered":"https:\/\/www.ambici.cat\/?page_id=1033"},"modified":"2025-03-26T14:13:33","modified_gmt":"2025-03-26T13:13:33","slug":"eliminar-la-cuenta","status":"publish","type":"page","link":"https:\/\/www.ambici.cat\/es\/eliminar-la-cuenta\/","title":{"rendered":"Eliminar la cuenta"},"content":{"rendered":"<div class=\"wpb-content-wrapper\"><p>[vc_row ppi_row_padding=\u00bbppi_remove_padding_bottom\u00bb][vc_column][vc_column_text css=\u00bb\u00bb]<\/p>\n<h1>Eliminar la cuenta<\/h1>\n<p>[\/vc_column_text][vc_column_text css=\u00bb\u00bb]Puedes cancelar f\u00e1cilmente tu cuenta entrando en tu perfil <strong><a href=\"https:\/\/www.tmb.cat\/es\/configuracion\" target=\"_blank\" rel=\"noopener\">JoTMB\u00e9 en el sitio web<\/a><\/strong>. Inicia sesi\u00f3n y haz clic\u00a0en la opci\u00f3n \u201cGesti\u00f3n de la cuenta\u201d dentro del apartado \u201cConfiguraci\u00f3n\u201d, y haz clic en \u201cQuiero eliminar mi cuenta\u201d.[\/vc_column_text][vc_row_inner][vc_column_inner width=\u00bb2\/3&#8243;][vc_single_image image=\u00bb1034&#8243; img_size=\u00bbfull\u00bb style=\u00bbvc_box_shadow_border\u00bb css=\u00bb\u00bb][\/vc_column_inner][vc_column_inner width=\u00bb1\/3&#8243;][\/vc_column_inner][\/vc_row_inner][\/vc_column][\/vc_row][vc_row ppi_row_padding=\u00bbppi_remove_padding_top\u00bb][vc_column][vc_column_text css=\u00bb\u00bb]Consulta la pol\u00edtica de protecci\u00f3n de datos de TMB en el siguiente enlace: <strong><a class=\"_1yt4x7n9 _2rkoiti9 _v56415x0 _vwz4qslr _1e0c1nu9 _16d9qvcn _syaz1y58 _1rkwglyw _4cvxmr28 _19ith6cr _bfhkhp5a _1a3b18uv _4fprglyw _5goinqa1 _9oik18uv _1bnxglyw _jf4cnqa1 _1nrm18uv _c2waglyw _1iohnqa1 _uizt1kdv _nt751r31 _49pcglyw _1hvw1o36 _1372tlke _7ehicw00 _1j5pglyw _1di629zg\" tabindex=\"0\" role=\"button\" href=\"https:\/\/www.tmb.cat\/es\/politica-proteccion-datos-personales\" aria-label=\"https:\/\/www.tmb.cat\/es\/politica-proteccion-datos-personales\" data-testid=\"inline-card-resolved-view\"><span class=\"_o5721jtm _1nmz9jpi _16d9qvcn _ca0qv77o _u5f31b66 _n3tdv77o _19bv1b66\" data-testid=\"inline-card-icon-and-title\"><span class=\"smart-link-title-wrapper\">Pol\u00edtica de privacidad &#8211; TMB<\/span><\/span><\/a><\/strong>[\/vc_column_text][\/vc_column][\/vc_row]<\/p>\n<\/div>","protected":false},"excerpt":{"rendered":"<p>[vc_row ppi_row_padding=\u00bbppi_remove_padding_bottom\u00bb][vc_column][vc_column_text css=\u00bb\u00bb] Eliminar la cuenta [\/vc_column_text][vc_column_text css=\u00bb\u00bb]Puedes cancelar f\u00e1cilmente tu cuenta entrando en tu perfil JoTMB\u00e9 en el sitio web. Inicia sesi\u00f3n y haz clic\u00a0en la opci\u00f3n \u201cGesti\u00f3n de la cuenta\u201d dentro del apartado \u201cConfiguraci\u00f3n\u201d, y haz clic en \u201cQuiero eliminar mi cuenta\u201d.[\/vc_column_text][vc_row_inner][vc_column_inner width=\u00bb2\/3&#8243;][vc_single_image image=\u00bb1034&#8243; img_size=\u00bbfull\u00bb style=\u00bbvc_box_shadow_border\u00bb css=\u00bb\u00bb][\/vc_column_inner][vc_column_inner width=\u00bb1\/3&#8243;][\/vc_column_inner][\/vc_row_inner][\/vc_column][\/vc_row][vc_row ppi_row_padding=\u00bbppi_remove_padding_top\u00bb][vc_column][vc_column_text css=\u00bb\u00bb]Consulta la pol\u00edtica de [&hellip;]<\/p>\n","protected":false},"author":13,"featured_media":0,"parent":0,"menu_order":0,"comment_status":"closed","ping_status":"closed","template":"page-bubble.php","meta":{"_acf_changed":false,"inline_featured_image":false,"footnotes":""},"class_list":["post-1033","page","type-page","status-publish","hentry"],"acf":[],"yoast_head":"<!-- This site is optimized with the Yoast SEO plugin v27.2 - https:\/\/yoast.com\/product\/yoast-seo-wordpress\/ -->\n<title>Eliminar la cuenta - Ambici<\/title>\n<meta name=\"robots\" content=\"index, follow, max-snippet:-1, max-image-preview:large, max-video-preview:-1\" \/>\n<link rel=\"canonical\" href=\"https:\/\/www.ambici.cat\/es\/eliminar-la-cuenta\/\" \/>\n<meta property=\"og:locale\" content=\"es_ES\" \/>\n<meta property=\"og:type\" content=\"article\" \/>\n<meta property=\"og:title\" content=\"Eliminar la cuenta - Ambici\" \/>\n<meta property=\"og:description\" content=\"[vc_row ppi_row_padding=\u00bbppi_remove_padding_bottom\u00bb][vc_column][vc_column_text css=\u00bb\u00bb] Eliminar la cuenta [\/vc_column_text][vc_column_text css=\u00bb\u00bb]Puedes cancelar f\u00e1cilmente tu cuenta entrando en tu perfil JoTMB\u00e9 en el sitio web. Inicia sesi\u00f3n y haz clic\u00a0en la opci\u00f3n \u201cGesti\u00f3n de la cuenta\u201d dentro del apartado \u201cConfiguraci\u00f3n\u201d, y haz clic en \u201cQuiero eliminar mi cuenta\u201d.[\/vc_column_text][vc_row_inner][vc_column_inner width=\u00bb2\/3&#8243;][vc_single_image image=\u00bb1034&#8243; img_size=\u00bbfull\u00bb style=\u00bbvc_box_shadow_border\u00bb css=\u00bb\u00bb][\/vc_column_inner][vc_column_inner width=\u00bb1\/3&#8243;][\/vc_column_inner][\/vc_row_inner][\/vc_column][\/vc_row][vc_row ppi_row_padding=\u00bbppi_remove_padding_top\u00bb][vc_column][vc_column_text css=\u00bb\u00bb]Consulta la pol\u00edtica de [&hellip;]\" \/>\n<meta property=\"og:url\" content=\"https:\/\/www.ambici.cat\/es\/eliminar-la-cuenta\/\" \/>\n<meta property=\"og:site_name\" content=\"Ambici\" \/>\n<meta property=\"article:modified_time\" content=\"2025-03-26T13:13:33+00:00\" \/>\n<meta name=\"twitter:card\" content=\"summary_large_image\" \/>\n<meta name=\"twitter:label1\" content=\"Tiempo de lectura\" \/>\n\t<meta name=\"twitter:data1\" content=\"1 minuto\" \/>\n<script type=\"application\/ld+json\" class=\"yoast-schema-graph\">{\"@context\":\"https:\/\/schema.org\",\"@graph\":[{\"@type\":\"WebPage\",\"@id\":\"https:\/\/www.ambici.cat\/es\/eliminar-la-cuenta\/\",\"url\":\"https:\/\/www.ambici.cat\/es\/eliminar-la-cuenta\/\",\"name\":\"Eliminar la cuenta - Ambici\",\"isPartOf\":{\"@id\":\"https:\/\/www.ambici.cat\/es\/#website\"},\"datePublished\":\"2025-03-25T10:02:47+00:00\",\"dateModified\":\"2025-03-26T13:13:33+00:00\",\"breadcrumb\":{\"@id\":\"https:\/\/www.ambici.cat\/es\/eliminar-la-cuenta\/#breadcrumb\"},\"inLanguage\":\"es\",\"potentialAction\":[{\"@type\":\"ReadAction\",\"target\":[\"https:\/\/www.ambici.cat\/es\/eliminar-la-cuenta\/\"]}]},{\"@type\":\"BreadcrumbList\",\"@id\":\"https:\/\/www.ambici.cat\/es\/eliminar-la-cuenta\/#breadcrumb\",\"itemListElement\":[{\"@type\":\"ListItem\",\"position\":1,\"name\":\"Startseite\",\"item\":\"https:\/\/www.ambici.cat\/es\/\"},{\"@type\":\"ListItem\",\"position\":2,\"name\":\"Eliminar la cuenta\"}]},{\"@type\":\"WebSite\",\"@id\":\"https:\/\/www.ambici.cat\/es\/#website\",\"url\":\"https:\/\/www.ambici.cat\/es\/\",\"name\":\"Ambici\",\"description\":\"La bicicleta metropolitana\",\"potentialAction\":[{\"@type\":\"SearchAction\",\"target\":{\"@type\":\"EntryPoint\",\"urlTemplate\":\"https:\/\/www.ambici.cat\/es\/?s={search_term_string}\"},\"query-input\":{\"@type\":\"PropertyValueSpecification\",\"valueRequired\":true,\"valueName\":\"search_term_string\"}}],\"inLanguage\":\"es\"}]}<\/script>\n<!-- \/ Yoast SEO plugin. -->","yoast_head_json":{"title":"Eliminar la cuenta - Ambici","robots":{"index":"index","follow":"follow","max-snippet":"max-snippet:-1","max-image-preview":"max-image-preview:large","max-video-preview":"max-video-preview:-1"},"canonical":"https:\/\/www.ambici.cat\/es\/eliminar-la-cuenta\/","og_locale":"es_ES","og_type":"article","og_title":"Eliminar la cuenta - Ambici","og_description":"[vc_row ppi_row_padding=\u00bbppi_remove_padding_bottom\u00bb][vc_column][vc_column_text css=\u00bb\u00bb] Eliminar la cuenta [\/vc_column_text][vc_column_text css=\u00bb\u00bb]Puedes cancelar f\u00e1cilmente tu cuenta entrando en tu perfil JoTMB\u00e9 en el sitio web. Inicia sesi\u00f3n y haz clic\u00a0en la opci\u00f3n \u201cGesti\u00f3n de la cuenta\u201d dentro del apartado \u201cConfiguraci\u00f3n\u201d, y haz clic en \u201cQuiero eliminar mi cuenta\u201d.[\/vc_column_text][vc_row_inner][vc_column_inner width=\u00bb2\/3&#8243;][vc_single_image image=\u00bb1034&#8243; img_size=\u00bbfull\u00bb style=\u00bbvc_box_shadow_border\u00bb css=\u00bb\u00bb][\/vc_column_inner][vc_column_inner width=\u00bb1\/3&#8243;][\/vc_column_inner][\/vc_row_inner][\/vc_column][\/vc_row][vc_row ppi_row_padding=\u00bbppi_remove_padding_top\u00bb][vc_column][vc_column_text css=\u00bb\u00bb]Consulta la pol\u00edtica de [&hellip;]","og_url":"https:\/\/www.ambici.cat\/es\/eliminar-la-cuenta\/","og_site_name":"Ambici","article_modified_time":"2025-03-26T13:13:33+00:00","twitter_card":"summary_large_image","twitter_misc":{"Tiempo de lectura":"1 minuto"},"schema":{"@context":"https:\/\/schema.org","@graph":[{"@type":"WebPage","@id":"https:\/\/www.ambici.cat\/es\/eliminar-la-cuenta\/","url":"https:\/\/www.ambici.cat\/es\/eliminar-la-cuenta\/","name":"Eliminar la cuenta - Ambici","isPartOf":{"@id":"https:\/\/www.ambici.cat\/es\/#website"},"datePublished":"2025-03-25T10:02:47+00:00","dateModified":"2025-03-26T13:13:33+00:00","breadcrumb":{"@id":"https:\/\/www.ambici.cat\/es\/eliminar-la-cuenta\/#breadcrumb"},"inLanguage":"es","potentialAction":[{"@type":"ReadAction","target":["https:\/\/www.ambici.cat\/es\/eliminar-la-cuenta\/"]}]},{"@type":"BreadcrumbList","@id":"https:\/\/www.ambici.cat\/es\/eliminar-la-cuenta\/#breadcrumb","itemListElement":[{"@type":"ListItem","position":1,"name":"Startseite","item":"https:\/\/www.ambici.cat\/es\/"},{"@type":"ListItem","position":2,"name":"Eliminar la cuenta"}]},{"@type":"WebSite","@id":"https:\/\/www.ambici.cat\/es\/#website","url":"https:\/\/www.ambici.cat\/es\/","name":"Ambici","description":"La bicicleta metropolitana","potentialAction":[{"@type":"SearchAction","target":{"@type":"EntryPoint","urlTemplate":"https:\/\/www.ambici.cat\/es\/?s={search_term_string}"},"query-input":{"@type":"PropertyValueSpecification","valueRequired":true,"valueName":"search_term_string"}}],"inLanguage":"es"}]}},"_links":{"self":[{"href":"https:\/\/www.ambici.cat\/es\/wp-json\/wp\/v2\/pages\/1033","targetHints":{"allow":["GET"]}}],"collection":[{"href":"https:\/\/www.ambici.cat\/es\/wp-json\/wp\/v2\/pages"}],"about":[{"href":"https:\/\/www.ambici.cat\/es\/wp-json\/wp\/v2\/types\/page"}],"author":[{"embeddable":true,"href":"https:\/\/www.ambici.cat\/es\/wp-json\/wp\/v2\/users\/13"}],"replies":[{"embeddable":true,"href":"https:\/\/www.ambici.cat\/es\/wp-json\/wp\/v2\/comments?post=1033"}],"version-history":[{"count":3,"href":"https:\/\/www.ambici.cat\/es\/wp-json\/wp\/v2\/pages\/1033\/revisions"}],"predecessor-version":[{"id":1039,"href":"https:\/\/www.ambici.cat\/es\/wp-json\/wp\/v2\/pages\/1033\/revisions\/1039"}],"wp:attachment":[{"href":"https:\/\/www.ambici.cat\/es\/wp-json\/wp\/v2\/media?parent=1033"}],"curies":[{"name":"wp","href":"https:\/\/api.w.org\/{rel}","templated":true}]}}