{"id":103,"date":"2022-08-11T12:13:47","date_gmt":"2022-08-11T10:13:47","guid":{"rendered":"https:\/\/nextbike-live.pluspol-networks.de\/ambici\/impressum\/"},"modified":"2024-09-27T11:26:22","modified_gmt":"2024-09-27T09:26:22","slug":"avis-legal","status":"publish","type":"page","link":"https:\/\/www.ambici.cat\/ca\/avis-legal\/","title":{"rendered":"Av\u00eds legal"},"content":{"rendered":"<div class=\"wpb-content-wrapper\"><p>[vc_row][vc_column][vc_column_text]<h1 style=\"text-align: center\">Av\u00eds legal del web AMBici<\/h1>\n<p style=\"text-align: center\"><strong>Condicions generals d\u2019acc\u00e9s i d\u2019\u00fas del web<\/strong><\/p>\n<p>&nbsp;<\/p>\n<p>Aquest apartat inclou informaci\u00f3 relativa a les condicions generals d\u2019acc\u00e9s i d\u2019\u00fas del lloc web <a href=\"\/\/www.ambici.cat\" data-fr-linked=\"true\">www.ambici.cat<\/a> que l\u2019usuari ha de con\u00e8ixer, d\u2019acord amb el que preveu la Llei 34\/2002, d\u201911 de juliol, de serveis de la societat de la informaci\u00f3 i de comer\u00e7 electr\u00f2nic.<\/p>\n<p><strong>1. Dades del titular del lloc web\u00a0<\/strong><a href=\"\/\/www.ambici.cat\" data-fr-linked=\"true\"><strong>www.ambici.cat<\/strong><\/a><\/p>\n<ul>\n<li>Titular: \u00c0rea Metropolitana de Barcelona (AMB)<\/li>\n<li>CIF: P-0800258-F<\/li>\n<li>Domicili social: carrer 62, n\u00fam. 16-18, edifici A, Zona Franca, 08040 Barcelona<\/li>\n<\/ul>\n<p><strong>2. Dades dels titulars dels serveis<\/strong><\/p>\n<p>El titular dels serveis que s\u2019ofereixen al lloc web <a href=\"\/\/www.ambici.cat\" data-fr-linked=\"true\">www.ambici.cat<\/a> tamb\u00e9 \u00e9s l\u2019\u00c0rea Metropolitana de Barcelona (AMB).<\/p>\n<p><strong>3. Condicions d\u2019acc\u00e9s a\u00a0<\/strong><a href=\"\/\/www.ambici.cat\" data-fr-linked=\"true\"><strong>www.ambici.cat<\/strong><\/a><\/p>\n<p>L\u2019acc\u00e9s a aquest lloc web \u00e9s responsabilitat exclusiva dels usuaris, i se suposa que coneixen i accepten els advertiments legals, les condicions i els termes d\u2019\u00fas que cont\u00e9. Si l\u2019usuari no est\u00e0 d\u2019acord amb el contingut d\u2019aquestes condicions generals de navegaci\u00f3, ha d\u2019abandonar el lloc web i no pot accedir-hi ni disposar dels serveis que ofereix.<\/p>\n<p>L\u2019usuari manifesta que ha llegit i ha acceptat expressament aquest av\u00eds legal en fer servir i registrar-se a la p\u00e0gina web de l\u2019AMB i\/o els serveis que s\u2019hi ofereixen, i autoritza l\u2019AMB a fer \u00fas de les dades d\u2019acord amb les finalitats i els tractaments que descriu aquest av\u00eds legal.<\/p>\n<p>L\u2019usuari garanteix que t\u00e9 m\u00e9s de 16 anys. Garanteix, a m\u00e9s, la veracitat i l\u2019autenticitat de la informaci\u00f3 comunicada com a conseq\u00fc\u00e8ncia de la contractaci\u00f3 dels serveis que s\u2019exigeixi al registre d\u2019usuari i s\u2019obliga, aix\u00ed mateix, a mantenir aquesta informaci\u00f3 actualitzada.<\/p>\n<p>L\u2019\u00c0rea Metropolitana de Barcelona (AMB) pot modificar, en qualsevol moment que ho cregui oport\u00fa, la configuraci\u00f3 d\u2019aquest lloc web, les condicions del servei i el seu contingut, com tamb\u00e9 eliminar-los, limitar-los o suspendre\u2019ls de manera temporal o definitiva, o impedir-ne l\u2019acc\u00e9s, i ha de procurar informar l\u2019usuari d\u2019aquest canvi, sempre que les circumst\u00e0ncies ho permetin, mitjan\u00e7ant una publicaci\u00f3 al lloc web.<\/p>\n<p><strong>4. Condicions d\u2019\u00fas de\u00a0<\/strong><a href=\"\/\/www.ambici.cat\" data-fr-linked=\"true\"><strong>www.ambici.cat<\/strong><\/a><\/p>\n<p>L\u2019usuari es compromet a fer un \u00fas adequat dels serveis i\/o els continguts del lloc web i a no fer-los servir per a activitats il\u00b7l\u00edcites o constitutives d\u2019un delicte i\/o que infringeixin el que estableixen aquest av\u00eds legal, la regulaci\u00f3 sobre propietat intel\u00b7lectual o industrial o qualsevol altra norma de l\u2019ordenament jur\u00eddic. L\u2019\u00fas que es faci de la informaci\u00f3 que cont\u00e9 aquest lloc web \u00e9s responsabilitat exclusiva de l\u2019usuari.<\/p>\n<p>L\u2019usuari garanteix l\u2019autenticitat i la veracitat de totes les dades que comuniqui a l\u2019AMB, mitjan\u00e7ant els diferents formularis en l\u00ednia, i es responsabilitza de la inexactitud o de la falta de veracitat de la informaci\u00f3 que aporti.<\/p>\n<p><strong>5. Exoneraci\u00f3 de responsabilitats<\/strong><\/p>\n<p>L\u2019AMB no pot controlar l\u2019\u00fas que els usuaris facin del lloc web <a href=\"\/\/www.ambici.cat\" data-fr-linked=\"true\">www.ambici.cat<\/a> i dels seus continguts. Per aquest motiu, no \u00e9s responsable dels danys i els perjudicis de qualsevol mena que es puguin derivar d\u2019un \u00fas il\u00b7l\u00edcit, incorrecte, inadequat o parcial i\/o de l\u2019incompliment que l\u2019usuari faci d\u2019aquestes condicions d\u2019acc\u00e9s i d\u2019\u00fas o de qualsevol altra condici\u00f3 que es pugui trobar en aquest lloc web respecte de qualsevol dels serveis, sens perjudici, en tot cas, de les accions legals que corresponguin a l\u2019\u00c0rea Metropolitana de Barcelona i\/o a tercers.<\/p>\n<p>L\u2019AMB no pot garantir la disponibilitat permanent i la continu\u00eftat pel que fa al funcionament del lloc web, ni quant a la informaci\u00f3, el contingut, el programari, els materials o els productes que s\u2019hi inclouen.<\/p>\n<p>D\u2019aquesta manera, s\u2019exclou qualsevol responsabilitat pels danys i els perjudicis de qualsevol mena que es puguin derivar de la falta de disponibilitat o continu\u00eftat del funcionament del lloc web, dels seus serveis i de l\u2019\u00fas que els usuaris en puguin fer.<\/p>\n<p>En qualsevol cas, l\u2019AMB ha de fer tots els esfor\u00e7os possibles per mantenir la disponibilitat continuada del lloc web.<\/p>\n<p>Aix\u00ed mateix, l\u2019\u00c0rea Metropolitana de Barcelona no es fa responsable dels possibles errors o defici\u00e8ncies de seguretat que es puguin produir per l\u2019\u00fas, per part de l\u2019usuari, d\u2019un navegador amb una versi\u00f3 no actualitzada o insegura, com tamb\u00e9 per l\u2019activaci\u00f3 dels dispositius de conservaci\u00f3 de claus o codis d\u2019identificaci\u00f3 de l\u2019usuari registrat al navegador, o dels danys, els errors o les inexactituds que es puguin derivar d\u2019un mal \u00fas o funcionament.<\/p>\n<p>L\u2019usuari accepta que l\u2019AMB, en col\u00b7laboraci\u00f3 amb els seus col\u00b7laboradors i prove\u00efdors, ha creat i ha desenvolupat el lloc web de bona fe, amb informaci\u00f3 provinent de fonts internes i externes, i l\u2019ofereix en l\u2019estat actual als usuaris, malgrat que pugui incloure imprecisions o errates. Per aquest motiu, l\u2019usuari exonera l\u2019\u00c0rea Metropolitana de Barcelona de qualsevol responsabilitat en relaci\u00f3 amb la fiabilitat, la utilitat o la falsa expectativa que el lloc web li pugui ocasionar durant la navegaci\u00f3.<\/p>\n<p>En cas que l\u2019usuari causi qualsevol mena de danys o perjudicis a tercers, aquest usuari n\u2019\u00e9s l\u2019\u00fanic responsable. De la mateixa manera, l\u2019usuari s\u2019ha de fer c\u00e0rrec de les despeses, els costos i, si escau, les indemnitzacions que es puguin derivar de procediments judicials motivats per l\u2019incompliment del que estableixen aquestes condicions i la normativa aplicable.<\/p>\n<p><strong>6. Propietat intel\u00b7lectual i industrial<\/strong><\/p>\n<p>Tots els continguts del lloc web (incloses, sense car\u00e0cter limitador, les bases de dades, les imatges, els dibuixos, els gr\u00e0fics, els arxius de text, els mapes, els marcs, els b\u00e0ners, el programari i els diferents codis font, \u00e0udio i v\u00eddeo), com tamb\u00e9 el mateix lloc web com a presentaci\u00f3 visual, s\u00f3n propietat de l\u2019\u00c0rea Metropolitana de Barcelona.<\/p>\n<p>En aquest sentit, se\u2019n prohibeix qualsevol \u00fas, sense l\u2019autoritzaci\u00f3 pr\u00e8via per escrit de l\u2019\u00c0rea Metropolitana de Barcelona, dels titulars dels drets de propietat intel\u00b7lectual o d\u2019una altra propietat dels continguts, com ara la realitzaci\u00f3 dels actes seg\u00fcents, tant respecte del lloc web com dels continguts:<\/p>\n<ul>\n<li>Qualsevol forma de comunicaci\u00f3 p\u00fablica, per qualsevol procediment, inclosa la posada a disposici\u00f3 del p\u00fablic, de manera que qualsevol persona hi pugui accedir des del lloc i en el moment que tri\u00ef.<\/li>\n<li>Qualsevol forma de distribuci\u00f3, incloses, sense car\u00e0cter limitador, la venda, el lloguer i\/o el pr\u00e9stec.<\/li>\n<li>Qualsevol forma de reproducci\u00f3 directa o indirecta, temporal o permanent, per qualsevol mitj\u00e0 i en qualsevol forma de la totalitat del web o dels continguts, o d\u2019una part.<\/li>\n<li>Qualsevol forma de transformaci\u00f3, total o parcial, inclosa la creaci\u00f3 de productes i\/o serveis derivats.<\/li>\n<li>Qualsevol altra forma d\u2019acc\u00e9s que inclogui les formes anteriors o d\u2019altres de diferents.<\/li>\n<li>Qualsevol forma, directa o indirecta, d\u2019extracci\u00f3 i\/o reutilitzaci\u00f3 de la totalitat o d\u2019una part substancial del contingut de qualsevol base de dades, i\/o l\u2019extracci\u00f3 i\/o la reutilitzaci\u00f3 repetida o sistem\u00e0tica de les parts no substancials.<\/li>\n<\/ul>\n<p>Tanmateix, l\u2019usuari pot visualitzar lliurement el lloc web i els continguts i descarregar-los per a un \u00fas personal i no comercial, sense que els pugui fer extensius a terceres persones o entitats, ja sigui a t\u00edtol gratu\u00eft o oner\u00f3s.<\/p>\n<p>Per tant, la posada a disposici\u00f3 i l\u2019\u00fas de les bases de dades, les imatges, els dibuixos, els gr\u00e0fics, els arxius de text, d\u2019\u00e0udio i de v\u00eddeo i el programari propietat de l\u2019\u00c0rea Metropolitana de Barcelona o dels seus prove\u00efdors que figuren al lloc web, i qualsevol altre contingut, no impliquen, en cap cas, la cessi\u00f3 de la titularitat o la concessi\u00f3 d\u2019un dret d\u2019\u00fas a favor de l\u2019usuari.<\/p>\n<p>Les marques, els r\u00e8tols, els signes distintius o els logotips que apareixen al lloc web s\u00f3n titularitat de l\u2019\u00c0rea Metropolitana de Barcelona o han estat objecte de llic\u00e8ncia o de cessi\u00f3 per part del titular i estan registrats degudament o en proc\u00e9s de registre. L\u2019\u00fas no autoritzat o indegut d\u2019aquests elements \u00e9s una infracci\u00f3 dels drets de propietat industrial de l\u2019\u00c0rea Metropolitana de Barcelona.<\/p>\n<p><strong>7. Procediment en cas d\u2019actuacions il\u00b7l\u00edcites<\/strong><\/p>\n<p>En cas que qualsevol usuari o un tercer consideri que hi ha fets o circumst\u00e0ncies que revelin el car\u00e0cter il\u00b7l\u00edcit de l\u2019\u00fas de qualsevol contingut i\/o de la realitzaci\u00f3 de qualsevol activitat a les p\u00e0gines web incloses o accessibles a trav\u00e9s d\u2019aquest lloc web i, en particular, que revelin la violaci\u00f3 dels drets de propietat industrial o intel\u00b7lectual, o altres drets, ha d\u2019enviar una notificaci\u00f3 a <a href=\"mailto:info@ambici.cat\" data-fr-linked=\"true\">info@ambici.cat<\/a> amb la informaci\u00f3 seg\u00fcent:<\/p>\n<ul>\n<li>Les dades personals de la persona que reclama: el nom, l\u2019adre\u00e7a, el tel\u00e8fon i l\u2019adre\u00e7a electr\u00f2nica.<\/li>\n<li>L\u2019especificaci\u00f3 de la suposada activitat il\u00b7l\u00edcita i la indicaci\u00f3 precisa i concreta dels continguts protegits, com tamb\u00e9 de la localitzaci\u00f3 a les p\u00e0gines web.<\/li>\n<li>En cas que hi hagi una violaci\u00f3 de drets: les dades personals del titular dels drets suposadament infringits o de la persona autoritzada per representar-lo i la seva signatura.<\/li>\n<li>La declaraci\u00f3 expressa, clara i sota la responsabilitat del reclamant que la informaci\u00f3 proporcionada a la notificaci\u00f3 \u00e9s exacta i de car\u00e0cter il\u00b7l\u00edcit quant a l\u2019\u00fas dels continguts o la realitzaci\u00f3 de les activitats descrites.<\/li>\n<\/ul>\n<p><strong>8. Tractament de dades personals<\/strong><\/p>\n<p>El servei AMBici requereix el tractament de les dades dels usuaris. El tractament de dades es fa \u00fanicament i exclusivament per als serveis als quals es registri i segons les compet\u00e8ncies pr\u00f2pies de l\u2019AMB d\u2019acord amb la normativa vigent en mat\u00e8ria de protecci\u00f3 de dades. L\u2019usuari pot obtenir m\u00e9s informaci\u00f3 sobre el tractament de dades que fem a la Pol\u00edtica de privacitat.<\/p>\n<p>L\u2019AMB es compromet a complir el deure de secret i confidencialitat respecte de les dades personals que l\u2019usuari subministri i a aplicar les mesures necess\u00e0ries adequades per garantir la confidencialitat, la disponibilitat i la integritat de la informaci\u00f3 i les dades personals.<\/p>\n<p><strong>9. \u00das de galetes<\/strong><\/p>\n<p>La p\u00e0gina web <a href=\"\/\/www.ambici.cat\" data-fr-linked=\"true\">www.ambici.cat<\/a> pot fer servir galetes per tal de facilitar la navegaci\u00f3 de l\u2019usuari i con\u00e8ixer-ne les prefer\u00e8ncies en permetre\u2019n el reconeixement. No obstant aix\u00f2, l\u2019usuari pot configurar l\u2019equip per acceptar o rebutjar les galetes que rebi. L\u2019usuari pot obtenir m\u00e9s informaci\u00f3 sobre l\u2019\u00fas de galetes a la Pol\u00edtica de galetes.<\/p>\n<p><strong>10. Enlla\u00e7os a tercers<\/strong><\/p>\n<p>Al lloc web s\u2019han incl\u00f2s enlla\u00e7os a altres p\u00e0gines web d\u2019entitats alienes a l\u2019AMB, qui no assumeix la responsabilitat derivada dels seus continguts, com tampoc dels productes o els serveis que ofereixin i dels possibles virus i programari malici\u00f3s que puguin contenir.<\/p>\n<p><strong>11. Enlla\u00e7os a\u00a0<\/strong><a href=\"\/\/www.ambici.cat\" data-fr-linked=\"true\"><strong>www.ambici.cat<\/strong><\/a><\/p>\n<p>Es prohibeix terminantment que l\u2019usuari faci alteracions en aquest lloc web que en puguin afectar el contingut, com ara vincles (o enlla\u00e7os) i similars.<\/p>\n<p>Tamb\u00e9 es prohibeixen els enlla\u00e7os a aquest lloc web des de p\u00e0gines web, o altres mitjans, contraris a la llei, la moral o l\u2019ordre p\u00fablic o que atemptin contra el bon nom o la imatge de l\u2019AMB.<\/p>\n<p><strong>12. Legislaci\u00f3 i jurisdicci\u00f3<\/strong><\/p>\n<p>Les condicions generals d\u2019aquest av\u00eds legal i de qualsevol altre text amb car\u00e0cter contractual d\u2019aquest lloc web es regulen pel que disposa la legislaci\u00f3 espanyola.<\/p>\n<p>En cas de qualsevol controv\u00e8rsia que es derivi de l\u2019acc\u00e9s i l\u2019\u00fas d\u2019aquest lloc web i els seus continguts i serveis, aix\u00ed com de la interpretaci\u00f3 i el compliment d\u2019aquestes condicions generals i de qualsevol altre text amb car\u00e0cter contractual d\u2019aquest lloc web, les parts, amb ren\u00fancia expressa a qualsevol altre fur que els pugui correspondre, se sotmeten expressament als jutjats i els tribunals de la ciutat de Barcelona (Espanya).<\/p>\n<p>&nbsp;<\/p>\n<p>&nbsp;<\/p>\n[\/vc_column_text][\/vc_column][\/vc_row]<\/p>\n<\/div>","protected":false},"excerpt":{"rendered":"<p>[vc_row][vc_column][vc_column_text][\/vc_column_text][\/vc_column][\/vc_row]<\/p>\n","protected":false},"author":5,"featured_media":0,"parent":0,"menu_order":0,"comment_status":"closed","ping_status":"closed","template":"","meta":{"_acf_changed":false,"inline_featured_image":false,"footnotes":""},"class_list":["post-103","page","type-page","status-publish","hentry"],"acf":[],"yoast_head":"<!-- This site is optimized with the Yoast SEO plugin v27.2 - https:\/\/yoast.com\/product\/yoast-seo-wordpress\/ -->\n<title>Av\u00eds legal - Ambici<\/title>\n<meta name=\"robots\" content=\"index, follow, max-snippet:-1, max-image-preview:large, max-video-preview:-1\" \/>\n<link rel=\"canonical\" href=\"https:\/\/www.ambici.cat\/ca\/avis-legal\/\" \/>\n<meta property=\"og:locale\" content=\"ca_ES\" \/>\n<meta property=\"og:type\" content=\"article\" \/>\n<meta property=\"og:title\" content=\"Av\u00eds legal - Ambici\" \/>\n<meta property=\"og:description\" content=\"[vc_row][vc_column][vc_column_text][\/vc_column_text][\/vc_column][\/vc_row]\" \/>\n<meta property=\"og:url\" content=\"https:\/\/www.ambici.cat\/ca\/avis-legal\/\" \/>\n<meta property=\"og:site_name\" content=\"Ambici\" \/>\n<meta property=\"article:modified_time\" content=\"2024-09-27T09:26:22+00:00\" \/>\n<meta name=\"twitter:card\" content=\"summary_large_image\" \/>\n<meta name=\"twitter:label1\" content=\"Temps estimat de lectura\" \/>\n\t<meta name=\"twitter:data1\" content=\"1 minut\" \/>\n<script type=\"application\/ld+json\" class=\"yoast-schema-graph\">{\"@context\":\"https:\/\/schema.org\",\"@graph\":[{\"@type\":\"WebPage\",\"@id\":\"https:\/\/www.ambici.cat\/ca\/avis-legal\/\",\"url\":\"https:\/\/www.ambici.cat\/ca\/avis-legal\/\",\"name\":\"Av\u00eds legal - Ambici\",\"isPartOf\":{\"@id\":\"https:\/\/www.ambici.cat\/ca\/#website\"},\"datePublished\":\"2022-08-11T10:13:47+00:00\",\"dateModified\":\"2024-09-27T09:26:22+00:00\",\"breadcrumb\":{\"@id\":\"https:\/\/www.ambici.cat\/ca\/avis-legal\/#breadcrumb\"},\"inLanguage\":\"ca\",\"potentialAction\":[{\"@type\":\"ReadAction\",\"target\":[\"https:\/\/www.ambici.cat\/ca\/avis-legal\/\"]}]},{\"@type\":\"BreadcrumbList\",\"@id\":\"https:\/\/www.ambici.cat\/ca\/avis-legal\/#breadcrumb\",\"itemListElement\":[{\"@type\":\"ListItem\",\"position\":1,\"name\":\"Startseite\",\"item\":\"https:\/\/www.ambici.cat\/ca\/\"},{\"@type\":\"ListItem\",\"position\":2,\"name\":\"Av\u00eds legal\"}]},{\"@type\":\"WebSite\",\"@id\":\"https:\/\/www.ambici.cat\/ca\/#website\",\"url\":\"https:\/\/www.ambici.cat\/ca\/\",\"name\":\"Ambici\",\"description\":\"La bicicleta metropolitana\",\"potentialAction\":[{\"@type\":\"SearchAction\",\"target\":{\"@type\":\"EntryPoint\",\"urlTemplate\":\"https:\/\/www.ambici.cat\/ca\/?s={search_term_string}\"},\"query-input\":{\"@type\":\"PropertyValueSpecification\",\"valueRequired\":true,\"valueName\":\"search_term_string\"}}],\"inLanguage\":\"ca\"}]}<\/script>\n<!-- \/ Yoast SEO plugin. -->","yoast_head_json":{"title":"Av\u00eds legal - Ambici","robots":{"index":"index","follow":"follow","max-snippet":"max-snippet:-1","max-image-preview":"max-image-preview:large","max-video-preview":"max-video-preview:-1"},"canonical":"https:\/\/www.ambici.cat\/ca\/avis-legal\/","og_locale":"ca_ES","og_type":"article","og_title":"Av\u00eds legal - Ambici","og_description":"[vc_row][vc_column][vc_column_text][\/vc_column_text][\/vc_column][\/vc_row]","og_url":"https:\/\/www.ambici.cat\/ca\/avis-legal\/","og_site_name":"Ambici","article_modified_time":"2024-09-27T09:26:22+00:00","twitter_card":"summary_large_image","twitter_misc":{"Temps estimat de lectura":"1 minut"},"schema":{"@context":"https:\/\/schema.org","@graph":[{"@type":"WebPage","@id":"https:\/\/www.ambici.cat\/ca\/avis-legal\/","url":"https:\/\/www.ambici.cat\/ca\/avis-legal\/","name":"Av\u00eds legal - Ambici","isPartOf":{"@id":"https:\/\/www.ambici.cat\/ca\/#website"},"datePublished":"2022-08-11T10:13:47+00:00","dateModified":"2024-09-27T09:26:22+00:00","breadcrumb":{"@id":"https:\/\/www.ambici.cat\/ca\/avis-legal\/#breadcrumb"},"inLanguage":"ca","potentialAction":[{"@type":"ReadAction","target":["https:\/\/www.ambici.cat\/ca\/avis-legal\/"]}]},{"@type":"BreadcrumbList","@id":"https:\/\/www.ambici.cat\/ca\/avis-legal\/#breadcrumb","itemListElement":[{"@type":"ListItem","position":1,"name":"Startseite","item":"https:\/\/www.ambici.cat\/ca\/"},{"@type":"ListItem","position":2,"name":"Av\u00eds legal"}]},{"@type":"WebSite","@id":"https:\/\/www.ambici.cat\/ca\/#website","url":"https:\/\/www.ambici.cat\/ca\/","name":"Ambici","description":"La bicicleta metropolitana","potentialAction":[{"@type":"SearchAction","target":{"@type":"EntryPoint","urlTemplate":"https:\/\/www.ambici.cat\/ca\/?s={search_term_string}"},"query-input":{"@type":"PropertyValueSpecification","valueRequired":true,"valueName":"search_term_string"}}],"inLanguage":"ca"}]}},"_links":{"self":[{"href":"https:\/\/www.ambici.cat\/ca\/wp-json\/wp\/v2\/pages\/103","targetHints":{"allow":["GET"]}}],"collection":[{"href":"https:\/\/www.ambici.cat\/ca\/wp-json\/wp\/v2\/pages"}],"about":[{"href":"https:\/\/www.ambici.cat\/ca\/wp-json\/wp\/v2\/types\/page"}],"author":[{"embeddable":true,"href":"https:\/\/www.ambici.cat\/ca\/wp-json\/wp\/v2\/users\/5"}],"replies":[{"embeddable":true,"href":"https:\/\/www.ambici.cat\/ca\/wp-json\/wp\/v2\/comments?post=103"}],"version-history":[{"count":4,"href":"https:\/\/www.ambici.cat\/ca\/wp-json\/wp\/v2\/pages\/103\/revisions"}],"predecessor-version":[{"id":955,"href":"https:\/\/www.ambici.cat\/ca\/wp-json\/wp\/v2\/pages\/103\/revisions\/955"}],"wp:attachment":[{"href":"https:\/\/www.ambici.cat\/ca\/wp-json\/wp\/v2\/media?parent=103"}],"curies":[{"name":"wp","href":"https:\/\/api.w.org\/{rel}","templated":true}]}}